{"id":32,"date":"2020-02-26T13:28:15","date_gmt":"2020-02-26T12:28:15","guid":{"rendered":"http:\/\/www.24h-betreuung-zu-hause.at\/?page_id=32"},"modified":"2022-09-13T06:11:02","modified_gmt":"2022-09-13T04:11:02","slug":"ueber-uns","status":"publish","type":"page","link":"https:\/\/www.24h-betreuung-zu-hause.at\/?page_id=32","title":{"rendered":"\u00dcber uns"},"content":{"rendered":"\t\t<div data-elementor-type=\"wp-page\" data-elementor-id=\"32\" class=\"elementor elementor-32\">\n\t\t\t\t\t\t<div class=\"elementor-inner\">\n\t\t\t\t<div class=\"elementor-section-wrap\">\n\t\t\t\t\t\t\t\t\t<section class=\"elementor-section elementor-top-section elementor-element elementor-element-7c5b23b7 elementor-section-full_width elementor-section-height-default elementor-section-height-default\" data-id=\"7c5b23b7\" data-element_type=\"section\">\n\t\t\t\t\t\t<div class=\"elementor-container elementor-column-gap-default\">\n\t\t\t\t\t\t\t<div class=\"elementor-row\">\n\t\t\t\t\t<div class=\"elementor-column elementor-col-100 elementor-top-column elementor-element elementor-element-3e5db903\" data-id=\"3e5db903\" data-element_type=\"column\" data-settings=\"{&quot;background_background&quot;:&quot;classic&quot;}\">\n\t\t\t<div class=\"elementor-column-wrap elementor-element-populated\">\n\t\t\t\t\t\t\t<div class=\"elementor-widget-wrap\">\n\t\t\t\t\t\t<div class=\"elementor-element elementor-element-581a77e9 elementor-widget elementor-widget-spacer\" data-id=\"581a77e9\" data-element_type=\"widget\" data-widget_type=\"spacer.default\">\n\t\t\t\t<div class=\"elementor-widget-container\">\n\t\t\t\t\t<div class=\"elementor-spacer\">\n\t\t\t<div class=\"elementor-spacer-inner\"><\/div>\n\t\t<\/div>\n\t\t\t\t<\/div>\n\t\t\t\t<\/div>\n\t\t\t\t\t\t<\/div>\n\t\t\t\t\t<\/div>\n\t\t<\/div>\n\t\t\t\t\t\t\t\t<\/div>\n\t\t\t\t\t<\/div>\n\t\t<\/section>\n\t\t\t\t<section class=\"elementor-section elementor-top-section elementor-element elementor-element-295cd758 elementor-section-boxed elementor-section-height-default elementor-section-height-default\" data-id=\"295cd758\" data-element_type=\"section\" data-settings=\"{&quot;background_background&quot;:&quot;classic&quot;}\">\n\t\t\t\t\t\t<div class=\"elementor-container elementor-column-gap-default\">\n\t\t\t\t\t\t\t<div class=\"elementor-row\">\n\t\t\t\t\t<div class=\"elementor-column elementor-col-100 elementor-top-column elementor-element elementor-element-2623226e\" data-id=\"2623226e\" data-element_type=\"column\">\n\t\t\t<div class=\"elementor-column-wrap elementor-element-populated\">\n\t\t\t\t\t\t\t<div class=\"elementor-widget-wrap\">\n\t\t\t\t\t\t<div class=\"elementor-element elementor-element-ed91db7 elementor-skin-carousel elementor-arrows-yes elementor-widget elementor-widget-media-carousel\" data-id=\"ed91db7\" data-element_type=\"widget\" data-settings=\"{&quot;effect&quot;:&quot;fade&quot;,&quot;skin&quot;:&quot;carousel&quot;,&quot;show_arrows&quot;:&quot;yes&quot;,&quot;speed&quot;:500,&quot;autoplay&quot;:&quot;yes&quot;,&quot;autoplay_speed&quot;:5000,&quot;loop&quot;:&quot;yes&quot;,&quot;pause_on_hover&quot;:&quot;yes&quot;,&quot;pause_on_interaction&quot;:&quot;yes&quot;,&quot;space_between&quot;:{&quot;unit&quot;:&quot;px&quot;,&quot;size&quot;:10,&quot;sizes&quot;:[]},&quot;space_between_tablet&quot;:{&quot;unit&quot;:&quot;px&quot;,&quot;size&quot;:10,&quot;sizes&quot;:[]},&quot;space_between_mobile&quot;:{&quot;unit&quot;:&quot;px&quot;,&quot;size&quot;:10,&quot;sizes&quot;:[]}}\" data-widget_type=\"media-carousel.default\">\n\t\t\t\t<div class=\"elementor-widget-container\">\n\t\t\t\t\t<div class=\"elementor-swiper\">\n\t\t\t<div class=\"elementor-main-swiper swiper-container\">\n\t\t\t\t<div class=\"swiper-wrapper\">\n\t\t\t\t\t\t\t\t\t\t\t<div class=\"swiper-slide\">\n\t\t\t\t\t\t\t\t\t<div class=\"elementor-carousel-image\" style=\"background-image: url(https:\/\/www.24h-betreuung-zu-hause.at\/wp-content\/uploads\/2020\/03\/AdobeStock_230446170-scaled.jpeg)\">\n\n\t\t\t\n\t\t\t\t\t<\/div>\n\t\t\t\t\t\t\t\t<\/div>\n\t\t\t\t\t\t\t\t\t\t\t<div class=\"swiper-slide\">\n\t\t\t\t\t\t\t\t\t<div class=\"elementor-carousel-image\" style=\"background-image: url(https:\/\/www.24h-betreuung-zu-hause.at\/wp-content\/uploads\/2020\/03\/AdobeStock_181807392-scaled.jpeg)\">\n\n\t\t\t\n\t\t\t\t\t<\/div>\n\t\t\t\t\t\t\t\t<\/div>\n\t\t\t\t\t\t\t\t\t\t\t<div class=\"swiper-slide\">\n\t\t\t\t\t\t\t\t\t<div class=\"elementor-carousel-image\" style=\"background-image: url(https:\/\/www.24h-betreuung-zu-hause.at\/wp-content\/uploads\/2020\/03\/AdobeStock_172090417-scaled.jpeg)\">\n\n\t\t\t\n\t\t\t\t\t<\/div>\n\t\t\t\t\t\t\t\t<\/div>\n\t\t\t\t\t\t\t\t\t<\/div>\n\t\t\t\t\t\t\t\t\t\t\t\t\t\t\t\t\t\t\t\t<div class=\"elementor-swiper-button elementor-swiper-button-prev\">\n\t\t\t\t\t\t\t<i aria-hidden=\"true\" class=\"eicon-chevron-left\"><\/i>\t\t\t\t\t\t\t<span class=\"elementor-screen-only\">Voriger<\/span>\n\t\t\t\t\t\t<\/div>\n\t\t\t\t\t\t<div class=\"elementor-swiper-button elementor-swiper-button-next\">\n\t\t\t\t\t\t\t<i aria-hidden=\"true\" class=\"eicon-chevron-right\"><\/i>\t\t\t\t\t\t\t<span class=\"elementor-screen-only\">N\u00e4chster<\/span>\n\t\t\t\t\t\t<\/div>\n\t\t\t\t\t\t\t\t\t\t\t\t<\/div>\n\t\t<\/div>\n\t\t\t\t<\/div>\n\t\t\t\t<\/div>\n\t\t\t\t<div class=\"elementor-element elementor-element-55fc923e elementor-widget elementor-widget-heading\" data-id=\"55fc923e\" data-element_type=\"widget\" data-widget_type=\"heading.default\">\n\t\t\t\t<div class=\"elementor-widget-container\">\n\t\t\t<h2 class=\"elementor-heading-title elementor-size-default\">Betreuer:Innen mit Herz und Verstand<\/h2>\t\t<\/div>\n\t\t\t\t<\/div>\n\t\t\t\t\t\t<\/div>\n\t\t\t\t\t<\/div>\n\t\t<\/div>\n\t\t\t\t\t\t\t\t<\/div>\n\t\t\t\t\t<\/div>\n\t\t<\/section>\n\t\t\t\t<section class=\"elementor-section elementor-top-section elementor-element elementor-element-3cd36cb elementor-section-boxed elementor-section-height-default elementor-section-height-default\" data-id=\"3cd36cb\" data-element_type=\"section\" data-settings=\"{&quot;background_background&quot;:&quot;classic&quot;}\">\n\t\t\t\t\t\t<div class=\"elementor-container elementor-column-gap-default\">\n\t\t\t\t\t\t\t<div class=\"elementor-row\">\n\t\t\t\t\t<div class=\"elementor-column elementor-col-100 elementor-top-column elementor-element elementor-element-195fa22\" data-id=\"195fa22\" data-element_type=\"column\">\n\t\t\t<div class=\"elementor-column-wrap elementor-element-populated\">\n\t\t\t\t\t\t\t<div class=\"elementor-widget-wrap\">\n\t\t\t\t\t\t<div class=\"elementor-element elementor-element-3dba8c4 elementor-widget elementor-widget-text-editor\" data-id=\"3dba8c4\" data-element_type=\"widget\" data-widget_type=\"text-editor.default\">\n\t\t\t\t<div class=\"elementor-widget-container\">\n\t\t\t\t\t\t\t\t<div class=\"elementor-text-editor elementor-clearfix\">\n\t\t\t\t<p>Wir wissen, dass der sorgf\u00e4ltigen Auswahl der Bezugspersonen h\u00f6chste Priorit\u00e4t zukommt. Die BetreuerInnen unserer Agentur, die aus Kroatien, Slowenien und Ungarn kommen, arbeiten aktiv in der Betreuung und Pflege oder k\u00f6nnen auf jahrelange Erfahrung in diesem Bereich zur\u00fcckblicken.<br>Bei der Suche nach der\/m geeigneten Pfleger\/in gehen wir vor allem auf die W\u00fcnsche und Bed\u00fcrfnisse der zu betreuenden Person\/en und deren Angeh\u00f6rigen ein. Es liegt f\u00fcr uns auf der Hand, dass man sich mit einem Menschen auch verst\u00e4ndigen will, ist man mit diesem rund um die Uhr zusammen.<\/p>\n<p>Daher w\u00e4hlen wir nur BetreuerInnen aus, die sich mit Ihnen auch unterhalten k\u00f6nnen. Im 14-Tage-Rhythmus wechseln sich unsere BetreuerInnen ab, das sichert Kontinuit\u00e4t und Vertrautheit. Unsere Gebietsbetreuer sind bei einem Betreuungswechsel vor Ort und erm\u00f6glichen so eine geordnete \u00dcbergabe, die wiederum die Qualit\u00e4t in Pflege und Betreuung sichert.<br><br>Einige Familien w\u00fcnschen sich einen m\u00e4nnlichen Betreuer f\u00fcr ihre Angeh\u00f6rigen &#8211; auch das ist f\u00fcr uns kein Problem. In unserer Agentur arbeiten sowohl weibliche als auch m\u00e4nnliche BetreuerInnen.<\/p>\n<p>\u201eZusammenleben, Zusammenwachsen\u201c &#8211; Gerade in der Betreuung und Pflege in den eigenen vier W\u00e4nden sind Vertrauen und Sympathie von gro\u00dfer Bedeutung. Gemeinsam finden wir auch f\u00fcr Ihre Familie das passende Betreuungs-Duo.<\/p>\t\t\t\t\t<\/div>\n\t\t\t\t\t\t<\/div>\n\t\t\t\t<\/div>\n\t\t\t\t\t\t<\/div>\n\t\t\t\t\t<\/div>\n\t\t<\/div>\n\t\t\t\t\t\t\t\t<\/div>\n\t\t\t\t\t<\/div>\n\t\t<\/section>\n\t\t\t\t\t\t\t\t\t<\/div>\n\t\t\t<\/div>\n\t\t\t\t\t<\/div>\n\t\t","protected":false},"excerpt":{"rendered":"<p>Voriger N\u00e4chster Betreuer:Innen mit Herz und Verstand Wir wissen, dass der sorgf\u00e4ltigen Auswahl der Bezugspersonen h\u00f6chste Priorit\u00e4t zukommt. Die BetreuerInnen unserer Agentur, die aus Kroatien, Slowenien und Ungarn kommen, arbeiten aktiv in der Betreuung und Pflege oder k\u00f6nnen auf jahrelange Erfahrung in diesem Bereich zur\u00fcckblicken.Bei der Suche nach der\/m geeigneten Pfleger\/in gehen wir vor allem [&hellip;]<\/p>\n","protected":false},"author":1,"featured_media":0,"parent":0,"menu_order":0,"comment_status":"closed","ping_status":"closed","template":"","meta":{"footnotes":""},"class_list":["post-32","page","type-page","status-publish","hentry","entry"],"_links":{"self":[{"href":"https:\/\/www.24h-betreuung-zu-hause.at\/index.php?rest_route=\/wp\/v2\/pages\/32","targetHints":{"allow":["GET"]}}],"collection":[{"href":"https:\/\/www.24h-betreuung-zu-hause.at\/index.php?rest_route=\/wp\/v2\/pages"}],"about":[{"href":"https:\/\/www.24h-betreuung-zu-hause.at\/index.php?rest_route=\/wp\/v2\/types\/page"}],"author":[{"embeddable":true,"href":"https:\/\/www.24h-betreuung-zu-hause.at\/index.php?rest_route=\/wp\/v2\/users\/1"}],"replies":[{"embeddable":true,"href":"https:\/\/www.24h-betreuung-zu-hause.at\/index.php?rest_route=%2Fwp%2Fv2%2Fcomments&post=32"}],"version-history":[{"count":19,"href":"https:\/\/www.24h-betreuung-zu-hause.at\/index.php?rest_route=\/wp\/v2\/pages\/32\/revisions"}],"predecessor-version":[{"id":393,"href":"https:\/\/www.24h-betreuung-zu-hause.at\/index.php?rest_route=\/wp\/v2\/pages\/32\/revisions\/393"}],"wp:attachment":[{"href":"https:\/\/www.24h-betreuung-zu-hause.at\/index.php?rest_route=%2Fwp%2Fv2%2Fmedia&parent=32"}],"curies":[{"name":"wp","href":"https:\/\/api.w.org\/{rel}","templated":true}]}}