{"id":34,"date":"2020-02-26T13:30:01","date_gmt":"2020-02-26T12:30:01","guid":{"rendered":"http:\/\/www.24h-betreuung-zu-hause.at\/?page_id=34"},"modified":"2022-10-11T06:47:56","modified_gmt":"2022-10-11T04:47:56","slug":"leistungen-preise","status":"publish","type":"page","link":"https:\/\/www.24h-betreuung-zu-hause.at\/?page_id=34","title":{"rendered":"Leistungen &#038; Preise"},"content":{"rendered":"\t\t<div data-elementor-type=\"wp-page\" data-elementor-id=\"34\" class=\"elementor elementor-34\">\n\t\t\t\t\t\t<div class=\"elementor-inner\">\n\t\t\t\t<div class=\"elementor-section-wrap\">\n\t\t\t\t\t\t\t\t\t<section class=\"elementor-section elementor-top-section elementor-element elementor-element-28691da6 elementor-section-full_width elementor-section-height-default elementor-section-height-default\" data-id=\"28691da6\" data-element_type=\"section\">\n\t\t\t\t\t\t<div class=\"elementor-container elementor-column-gap-default\">\n\t\t\t\t\t\t\t<div class=\"elementor-row\">\n\t\t\t\t\t<div class=\"elementor-column elementor-col-100 elementor-top-column elementor-element elementor-element-4d316b8d\" data-id=\"4d316b8d\" data-element_type=\"column\" data-settings=\"{&quot;background_background&quot;:&quot;classic&quot;}\">\n\t\t\t<div class=\"elementor-column-wrap elementor-element-populated\">\n\t\t\t\t\t\t\t<div class=\"elementor-widget-wrap\">\n\t\t\t\t\t\t<div class=\"elementor-element elementor-element-57d03bb8 elementor-widget elementor-widget-spacer\" data-id=\"57d03bb8\" data-element_type=\"widget\" data-widget_type=\"spacer.default\">\n\t\t\t\t<div class=\"elementor-widget-container\">\n\t\t\t\t\t<div class=\"elementor-spacer\">\n\t\t\t<div class=\"elementor-spacer-inner\"><\/div>\n\t\t<\/div>\n\t\t\t\t<\/div>\n\t\t\t\t<\/div>\n\t\t\t\t\t\t<\/div>\n\t\t\t\t\t<\/div>\n\t\t<\/div>\n\t\t\t\t\t\t\t\t<\/div>\n\t\t\t\t\t<\/div>\n\t\t<\/section>\n\t\t\t\t<section class=\"elementor-section elementor-top-section elementor-element elementor-element-3a470a3a elementor-section-boxed elementor-section-height-default elementor-section-height-default\" data-id=\"3a470a3a\" data-element_type=\"section\" data-settings=\"{&quot;background_background&quot;:&quot;classic&quot;}\">\n\t\t\t\t\t\t<div class=\"elementor-container elementor-column-gap-default\">\n\t\t\t\t\t\t\t<div class=\"elementor-row\">\n\t\t\t\t\t<div class=\"elementor-column elementor-col-100 elementor-top-column elementor-element elementor-element-111175b2\" data-id=\"111175b2\" data-element_type=\"column\">\n\t\t\t<div class=\"elementor-column-wrap elementor-element-populated\">\n\t\t\t\t\t\t\t<div class=\"elementor-widget-wrap\">\n\t\t\t\t\t\t<div class=\"elementor-element elementor-element-17c8d46e elementor-skin-carousel elementor-arrows-yes elementor-widget elementor-widget-media-carousel\" data-id=\"17c8d46e\" data-element_type=\"widget\" data-settings=\"{&quot;effect&quot;:&quot;fade&quot;,&quot;skin&quot;:&quot;carousel&quot;,&quot;show_arrows&quot;:&quot;yes&quot;,&quot;speed&quot;:500,&quot;autoplay&quot;:&quot;yes&quot;,&quot;autoplay_speed&quot;:5000,&quot;loop&quot;:&quot;yes&quot;,&quot;pause_on_hover&quot;:&quot;yes&quot;,&quot;pause_on_interaction&quot;:&quot;yes&quot;,&quot;space_between&quot;:{&quot;unit&quot;:&quot;px&quot;,&quot;size&quot;:10,&quot;sizes&quot;:[]},&quot;space_between_tablet&quot;:{&quot;unit&quot;:&quot;px&quot;,&quot;size&quot;:10,&quot;sizes&quot;:[]},&quot;space_between_mobile&quot;:{&quot;unit&quot;:&quot;px&quot;,&quot;size&quot;:10,&quot;sizes&quot;:[]}}\" data-widget_type=\"media-carousel.default\">\n\t\t\t\t<div class=\"elementor-widget-container\">\n\t\t\t\t\t<div class=\"elementor-swiper\">\n\t\t\t<div class=\"elementor-main-swiper swiper-container\">\n\t\t\t\t<div class=\"swiper-wrapper\">\n\t\t\t\t\t\t\t\t\t\t\t<div class=\"swiper-slide\">\n\t\t\t\t\t\t\t\t\t<div class=\"elementor-carousel-image\" style=\"background-image: url(https:\/\/www.24h-betreuung-zu-hause.at\/wp-content\/uploads\/2020\/03\/AdobeStock_49780220-scaled.jpeg)\">\n\n\t\t\t\n\t\t\t\t\t<\/div>\n\t\t\t\t\t\t\t\t<\/div>\n\t\t\t\t\t\t\t\t\t\t\t<div class=\"swiper-slide\">\n\t\t\t\t\t\t\t\t\t<div class=\"elementor-carousel-image\" style=\"background-image: url(https:\/\/www.24h-betreuung-zu-hause.at\/wp-content\/uploads\/2020\/03\/AdobeStock_49778672-scaled.jpeg)\">\n\n\t\t\t\n\t\t\t\t\t<\/div>\n\t\t\t\t\t\t\t\t<\/div>\n\t\t\t\t\t\t\t\t\t\t\t<div class=\"swiper-slide\">\n\t\t\t\t\t\t\t\t\t<div class=\"elementor-carousel-image\" style=\"background-image: url(https:\/\/www.24h-betreuung-zu-hause.at\/wp-content\/uploads\/2020\/03\/AdobeStock_106042069-scaled.jpeg)\">\n\n\t\t\t\n\t\t\t\t\t<\/div>\n\t\t\t\t\t\t\t\t<\/div>\n\t\t\t\t\t\t\t\t\t<\/div>\n\t\t\t\t\t\t\t\t\t\t\t\t\t\t\t\t\t\t\t\t<div class=\"elementor-swiper-button elementor-swiper-button-prev\">\n\t\t\t\t\t\t\t<i aria-hidden=\"true\" class=\"eicon-chevron-left\"><\/i>\t\t\t\t\t\t\t<span class=\"elementor-screen-only\">Voriger<\/span>\n\t\t\t\t\t\t<\/div>\n\t\t\t\t\t\t<div class=\"elementor-swiper-button elementor-swiper-button-next\">\n\t\t\t\t\t\t\t<i aria-hidden=\"true\" class=\"eicon-chevron-right\"><\/i>\t\t\t\t\t\t\t<span class=\"elementor-screen-only\">N\u00e4chster<\/span>\n\t\t\t\t\t\t<\/div>\n\t\t\t\t\t\t\t\t\t\t\t\t<\/div>\n\t\t<\/div>\n\t\t\t\t<\/div>\n\t\t\t\t<\/div>\n\t\t\t\t<div class=\"elementor-element elementor-element-5f8ad723 elementor-widget elementor-widget-heading\" data-id=\"5f8ad723\" data-element_type=\"widget\" data-widget_type=\"heading.default\">\n\t\t\t\t<div class=\"elementor-widget-container\">\n\t\t\t<h2 class=\"elementor-heading-title elementor-size-default\">Leistbare Pflege und Betreuung<\/h2>\t\t<\/div>\n\t\t\t\t<\/div>\n\t\t\t\t\t\t<\/div>\n\t\t\t\t\t<\/div>\n\t\t<\/div>\n\t\t\t\t\t\t\t\t<\/div>\n\t\t\t\t\t<\/div>\n\t\t<\/section>\n\t\t\t\t<section class=\"elementor-section elementor-top-section elementor-element elementor-element-5298f5ed elementor-section-boxed elementor-section-height-default elementor-section-height-default\" data-id=\"5298f5ed\" data-element_type=\"section\" data-settings=\"{&quot;background_background&quot;:&quot;classic&quot;}\">\n\t\t\t\t\t\t<div class=\"elementor-container elementor-column-gap-default\">\n\t\t\t\t\t\t\t<div class=\"elementor-row\">\n\t\t\t\t\t<div class=\"elementor-column elementor-col-100 elementor-top-column elementor-element elementor-element-122825e1\" data-id=\"122825e1\" data-element_type=\"column\">\n\t\t\t<div class=\"elementor-column-wrap elementor-element-populated\">\n\t\t\t\t\t\t\t<div class=\"elementor-widget-wrap\">\n\t\t\t\t\t\t<div class=\"elementor-element elementor-element-50896e8c elementor-widget elementor-widget-text-editor\" data-id=\"50896e8c\" data-element_type=\"widget\" data-widget_type=\"text-editor.default\">\n\t\t\t\t<div class=\"elementor-widget-container\">\n\t\t\t\t\t\t\t\t<div class=\"elementor-text-editor elementor-clearfix\">\n\t\t\t\t<p>Bedingt durch die unterschiedlichen Qualifikationen unserer BetreuerInnen einerseits und die individuellen Bed\u00fcrfnisse der zu betreuenden Personen und deren Betreuungs- und Pflegeaufwand andererseits kostet ein durchschnittlicher Betreuungstag (inklusive aller Kosten nach Abzug von Pflegegeld und F\u00f6rderung) zwischen \u20ac 20,00 (PST6) und \u20ac 45,00 (PST3). &nbsp;<br>Allgemein gilt: F\u00fcr eine 24h-Betreuung wird ab der Pflegestufe 3 bei Einsatz von zwei sich abwechselnden BetreuerInnen ein Zuschuss des Sozialministeriums in der H\u00f6he von \u20ac 550,- monatlich gew\u00e4hrt.&nbsp;<\/p>\n<p>Viele \u00e4ltere Menschen w\u00fcnschen sich im Alltag Hilfe und Unterst\u00fctzung in ihrer vertrauten Wohnumgebung. Andere wiederum k\u00f6nnen ohne diese Hilfe ein selbstst\u00e4ndiges Leben nicht mehr f\u00fchren. Je nach pers\u00f6nlicher Situation sind die Anforderungen an die Betreuung und Pflege unterschiedlich. <br>Suchen Sie jemanden, der seine St\u00e4rken in der Haushaltsf\u00fchrung und im Kochen hat? Wird f\u00fcr einen Demenzpatienten eine Betreuungsperson gesucht, die seinen Alltag strukturiert und Sicherheit gibt? Brauchen Sie jemanden, der f\u00fcr eine bettl\u00e4gerige Dame oder einen bettl\u00e4gerigen Herrn gro\u00dfe Erfahrung im Bereich Pflege mitbringt? Sie haben Anspr\u00fcche an Seriosit\u00e4t in der Abwicklung der Pflege und Betreuung und erwarten Professionalit\u00e4t und Vertrauen? Sch\u00f6n, dass Sie auf uns aufmerksam geworden sind! <\/p>\n<p><br>Da wir auf Ihre ganz spezielle Situation eingehen, ist uns ein ausf\u00fchrliches und umfassendes Beratungsgespr\u00e4ch wichtig, um gemeinsam mit Ihnen und Ihren Angeh\u00f6rigen ein pers\u00f6nlich, auf Ihre Bed\u00fcrfnisse abgestimmtes Betreuungsprogramm zu erstellen und genau jene Betreuungspersonen zu finden, die gut zu Ihrer Familie passen. &nbsp;<br>Ein Vergleich macht Sie sicher, weil\u2026<\/p>\n<ul>\n<li>wir \u00fcber langj\u00e4hrige Erfahrungen im Pflege\u2013 und Sozialbereich verf\u00fcgen.<\/li>\n<li>unsere BetreuerInnen bereits vor Einsatz auf ihre Unbescholtenheit durch Einsicht in den Strafregisterauszug kontrolliert werden.<\/li>\n<li>unsere BetreuerInnen entweder \u00fcber eine Ausbildung im Betreuungs- und\/oder Pflegebereich verf\u00fcgen oder langj\u00e4hrige Erfahrungen im&nbsp;Betreuungs- und\/oder Pflegebereich mitbringen&nbsp;und in \u00d6sterreich sowohl kranken-, pensions- und unfallversichert sind.<\/li>\n<li>wir uns als \u00f6sterreichische Agentur auch an alle in unserem Land geltenden Gesetze und Vorgaben halten.<\/li>\n<li>wir Sie bei allen Beh\u00f6rdenwegen und Antr\u00e4gen unterst\u00fctzen.<\/li>\n<li>eine genaue und regelm\u00e4\u00dfige Qualit\u00e4tskontrolle vor Ort im Sinne der Betreuten und deren Angeh\u00f6rigen f\u00fcr uns selbstverst\u00e4ndlich ist.<\/li>\n<li>wir f\u00fcr nahezu jeden Menschen eine leistbare Pflege &amp; Betreuung vermitteln.<\/li>\n<li>unsere BetreuerInnen \u00fcber gute Deutschkenntnisse verf\u00fcgen.<\/li>\n<li>wir Sie bei einer gerechten Pflegeeinstufung beraten und unterst\u00fctzen.<\/li>\n<\/ul>\t\t\t\t\t<\/div>\n\t\t\t\t\t\t<\/div>\n\t\t\t\t<\/div>\n\t\t\t\t\t\t<\/div>\n\t\t\t\t\t<\/div>\n\t\t<\/div>\n\t\t\t\t\t\t\t\t<\/div>\n\t\t\t\t\t<\/div>\n\t\t<\/section>\n\t\t\t\t<section class=\"elementor-section elementor-top-section elementor-element elementor-element-0c51feb elementor-section-boxed elementor-section-height-default elementor-section-height-default\" data-id=\"0c51feb\" data-element_type=\"section\" data-settings=\"{&quot;background_background&quot;:&quot;classic&quot;}\">\n\t\t\t\t\t\t<div class=\"elementor-container elementor-column-gap-default\">\n\t\t\t\t\t\t\t<div class=\"elementor-row\">\n\t\t\t\t\t<div class=\"elementor-column elementor-col-50 elementor-top-column elementor-element elementor-element-1a75357\" data-id=\"1a75357\" data-element_type=\"column\">\n\t\t\t<div class=\"elementor-column-wrap elementor-element-populated\">\n\t\t\t\t\t\t\t<div class=\"elementor-widget-wrap\">\n\t\t\t\t\t\t<div class=\"elementor-element elementor-element-3448867 elementor-mobile-align-center elementor-widget elementor-widget-button\" data-id=\"3448867\" data-element_type=\"widget\" data-widget_type=\"button.default\">\n\t\t\t\t<div class=\"elementor-widget-container\">\n\t\t\t\t\t<div class=\"elementor-button-wrapper\">\n\t\t\t<a class=\"elementor-button elementor-size-md\" role=\"button\">\n\t\t\t\t\t\t<span class=\"elementor-button-content-wrapper\">\n\t\t\t\t\t\t<span class=\"elementor-button-text\">Neue Preisliste folgt<\/span>\n\t\t<\/span>\n\t\t\t\t\t<\/a>\n\t\t<\/div>\n\t\t\t\t<\/div>\n\t\t\t\t<\/div>\n\t\t\t\t\t\t<\/div>\n\t\t\t\t\t<\/div>\n\t\t<\/div>\n\t\t\t\t<div class=\"elementor-column elementor-col-50 elementor-top-column elementor-element elementor-element-ae3e93a\" data-id=\"ae3e93a\" data-element_type=\"column\">\n\t\t\t<div class=\"elementor-column-wrap elementor-element-populated\">\n\t\t\t\t\t\t\t<div class=\"elementor-widget-wrap\">\n\t\t\t\t\t\t<div class=\"elementor-element elementor-element-7cc5b78 elementor-mobile-align-center elementor-widget elementor-widget-button\" data-id=\"7cc5b78\" data-element_type=\"widget\" data-widget_type=\"button.default\">\n\t\t\t\t<div class=\"elementor-widget-container\">\n\t\t\t\t\t<div class=\"elementor-button-wrapper\">\n\t\t\t<a href=\"http:\/\/www.24h-betreuung-zu-hause.at\/Downloads\/flyer%202020%20web.pdf\" target=\"_blank\" class=\"elementor-button-link elementor-button elementor-size-md\" role=\"button\">\n\t\t\t\t\t\t<span class=\"elementor-button-content-wrapper\">\n\t\t\t\t\t\t<span class=\"elementor-button-text\">Flyer downloaden<\/span>\n\t\t<\/span>\n\t\t\t\t\t<\/a>\n\t\t<\/div>\n\t\t\t\t<\/div>\n\t\t\t\t<\/div>\n\t\t\t\t\t\t<\/div>\n\t\t\t\t\t<\/div>\n\t\t<\/div>\n\t\t\t\t\t\t\t\t<\/div>\n\t\t\t\t\t<\/div>\n\t\t<\/section>\n\t\t\t\t\t\t\t\t\t<\/div>\n\t\t\t<\/div>\n\t\t\t\t\t<\/div>\n\t\t","protected":false},"excerpt":{"rendered":"<p>Voriger N\u00e4chster Leistbare Pflege und Betreuung Bedingt durch die unterschiedlichen Qualifikationen unserer BetreuerInnen einerseits und die individuellen Bed\u00fcrfnisse der zu betreuenden Personen und deren Betreuungs- und Pflegeaufwand andererseits kostet ein durchschnittlicher Betreuungstag (inklusive aller Kosten nach Abzug von Pflegegeld und F\u00f6rderung) zwischen \u20ac 20,00 (PST6) und \u20ac 45,00 (PST3). &nbsp;Allgemein gilt: F\u00fcr eine 24h-Betreuung wird [&hellip;]<\/p>\n","protected":false},"author":1,"featured_media":0,"parent":0,"menu_order":0,"comment_status":"closed","ping_status":"closed","template":"","meta":{"footnotes":""},"class_list":["post-34","page","type-page","status-publish","hentry","entry"],"_links":{"self":[{"href":"https:\/\/www.24h-betreuung-zu-hause.at\/index.php?rest_route=\/wp\/v2\/pages\/34","targetHints":{"allow":["GET"]}}],"collection":[{"href":"https:\/\/www.24h-betreuung-zu-hause.at\/index.php?rest_route=\/wp\/v2\/pages"}],"about":[{"href":"https:\/\/www.24h-betreuung-zu-hause.at\/index.php?rest_route=\/wp\/v2\/types\/page"}],"author":[{"embeddable":true,"href":"https:\/\/www.24h-betreuung-zu-hause.at\/index.php?rest_route=\/wp\/v2\/users\/1"}],"replies":[{"embeddable":true,"href":"https:\/\/www.24h-betreuung-zu-hause.at\/index.php?rest_route=%2Fwp%2Fv2%2Fcomments&post=34"}],"version-history":[{"count":61,"href":"https:\/\/www.24h-betreuung-zu-hause.at\/index.php?rest_route=\/wp\/v2\/pages\/34\/revisions"}],"predecessor-version":[{"id":420,"href":"https:\/\/www.24h-betreuung-zu-hause.at\/index.php?rest_route=\/wp\/v2\/pages\/34\/revisions\/420"}],"wp:attachment":[{"href":"https:\/\/www.24h-betreuung-zu-hause.at\/index.php?rest_route=%2Fwp%2Fv2%2Fmedia&parent=34"}],"curies":[{"name":"wp","href":"https:\/\/api.w.org\/{rel}","templated":true}]}}